{"id":1286,"date":"2023-06-28T12:20:28","date_gmt":"2023-06-28T10:20:28","guid":{"rendered":"http:\/\/mmb-stiftung.de\/imprint\/"},"modified":"2023-07-06T10:24:12","modified_gmt":"2023-07-06T08:24:12","slug":"imprint","status":"publish","type":"page","link":"https:\/\/mmb-stiftung.de\/en\/imprint\/","title":{"rendered":"Imprint"},"content":{"rendered":"<p>[et_pb_section fb_built=&#8221;1&#8243; _builder_version=&#8221;4.21.0&#8243; _module_preset=&#8221;default&#8221; custom_margin=&#8221;||||false|false&#8221; custom_padding=&#8221;0px||0px||false|false&#8221; global_colors_info=&#8221;{}&#8221;][et_pb_row _builder_version=&#8221;4.21.0&#8243; _module_preset=&#8221;default&#8221; width=&#8221;100%&#8221; max_width=&#8221;100%&#8221; custom_padding=&#8221;0px||0px||false|false&#8221; global_colors_info=&#8221;{}&#8221;][et_pb_column type=&#8221;4_4&#8243; _builder_version=&#8221;4.21.0&#8243; _module_preset=&#8221;default&#8221; global_colors_info=&#8221;{}&#8221;][et_pb_image src=&#8221;http:\/\/mmb-stiftung.de\/wp-content\/uploads\/2023\/06\/banner_home.jpg&#8221; title_text=&#8221;banner_home&#8221; force_fullwidth=&#8221;on&#8221; _builder_version=&#8221;4.21.0&#8243; _module_preset=&#8221;default&#8221; global_colors_info=&#8221;{}&#8221;][\/et_pb_image][\/et_pb_column][\/et_pb_row][et_pb_row module_class=&#8221;header-logo&#8221; _builder_version=&#8221;4.21.0&#8243; _module_preset=&#8221;default&#8221; width_tablet=&#8221;95%&#8221; width_phone=&#8221;90%&#8221; width_last_edited=&#8221;on|phone&#8221; custom_margin_tablet=&#8221;&#8221; custom_margin_phone=&#8221;|20px||20px|false|false&#8221; custom_margin_last_edited=&#8221;on|phone&#8221; custom_padding=&#8221;0px||0px||false|false&#8221; global_colors_info=&#8221;{}&#8221;][et_pb_column type=&#8221;4_4&#8243; _builder_version=&#8221;4.21.0&#8243; _module_preset=&#8221;default&#8221; global_colors_info=&#8221;{}&#8221;][et_pb_image src=&#8221;http:\/\/mmb-stiftung.de\/wp-content\/uploads\/2023\/06\/logo.svg&#8221; title_text=&#8221;logo&#8221; url=&#8221;\/&#8221; _builder_version=&#8221;4.21.0&#8243; _module_preset=&#8221;default&#8221; width=&#8221;270px&#8221; width_tablet=&#8221;200px&#8221; width_phone=&#8221;150px&#8221; width_last_edited=&#8221;on|phone&#8221; global_colors_info=&#8221;{}&#8221;][\/et_pb_image][\/et_pb_column][\/et_pb_row][\/et_pb_section][et_pb_section fb_built=&#8221;1&#8243; _builder_version=&#8221;4.21.0&#8243; _module_preset=&#8221;default&#8221; custom_margin=&#8221;||||false|false&#8221; custom_padding=&#8221;50px||0px||false|false&#8221; global_colors_info=&#8221;{}&#8221;][et_pb_row custom_padding_last_edited=&#8221;on|phone&#8221; _builder_version=&#8221;4.21.0&#8243; _module_preset=&#8221;default&#8221; width_tablet=&#8221;100%&#8221; width_phone=&#8221;100%&#8221; width_last_edited=&#8221;on|tablet&#8221; max_width_tablet=&#8221;100%&#8221; max_width_phone=&#8221;100%&#8221; max_width_last_edited=&#8221;on|tablet&#8221; custom_padding=&#8221;50px||0px||false|false&#8221; custom_padding_tablet=&#8221;50px||||false|false&#8221; custom_padding_phone=&#8221;30px||||false|false&#8221; global_colors_info=&#8221;{}&#8221;][et_pb_column type=&#8221;4_4&#8243; _builder_version=&#8221;4.21.0&#8243; _module_preset=&#8221;default&#8221; global_colors_info=&#8221;{}&#8221;][et_pb_code _builder_version=&#8221;4.21.0&#8243; _module_preset=&#8221;default&#8221; global_colors_info=&#8221;{}&#8221;]<\/p>\n<hr>\n<p>[\/et_pb_code][\/et_pb_column][\/et_pb_row][\/et_pb_section][et_pb_section fb_built=&#8221;1&#8243; custom_padding_last_edited=&#8221;on|phone&#8221; _builder_version=&#8221;4.21.0&#8243; _module_preset=&#8221;default&#8221; width=&#8221;100%&#8221; width_tablet=&#8221;96%&#8221; width_phone=&#8221;92%&#8221; width_last_edited=&#8221;off|phone&#8221; max_width=&#8221;1170px&#8221; module_alignment=&#8221;center&#8221; custom_margin=&#8221;||||false|false&#8221; custom_margin_tablet=&#8221;|20px||20px|false|false&#8221; custom_margin_phone=&#8221;|20px||20px|false|false&#8221; custom_margin_last_edited=&#8221;on|tablet&#8221; custom_padding_tablet=&#8221;&#8221; custom_padding_phone=&#8221;0px||||false|false&#8221; global_colors_info=&#8221;{}&#8221;][et_pb_row custom_padding_last_edited=&#8221;on|desktop&#8221; _builder_version=&#8221;4.21.0&#8243; _module_preset=&#8221;default&#8221; width=&#8221;100%&#8221; width_tablet=&#8221;95%&#8221; width_phone=&#8221;90%&#8221; width_last_edited=&#8221;on|phone&#8221; module_alignment=&#8221;right&#8221; custom_margin_phone=&#8221;||||false|false&#8221; custom_margin_last_edited=&#8221;off|phone&#8221; custom_padding=&#8221;0px|||300px|false|false&#8221; custom_padding_tablet=&#8221;|||0px|false|false&#8221; custom_padding_phone=&#8221;|||0px|false|false&#8221; module_alignment_tablet=&#8221;center&#8221; module_alignment_phone=&#8221;center&#8221; module_alignment_last_edited=&#8221;on|tablet&#8221; global_colors_info=&#8221;{}&#8221;][et_pb_column type=&#8221;4_4&#8243; _builder_version=&#8221;4.21.0&#8243; _module_preset=&#8221;default&#8221; global_colors_info=&#8221;{}&#8221;][et_pb_text _builder_version=&#8221;4.21.0&#8243; _module_preset=&#8221;default&#8221; custom_margin=&#8221;||0px||false|false&#8221; custom_padding=&#8221;||40px||false|false&#8221; custom_padding_tablet=&#8221;||40px||false|false&#8221; custom_padding_phone=&#8221;||20px||false|false&#8221; custom_padding_last_edited=&#8221;on|phone&#8221; global_colors_info=&#8221;{}&#8221;]<\/p>\n<h1><span class=\"pink\">Imprint<\/span><\/h1>\n<h2>Margarete M\u00fcller-Bull-Stiftung<\/h2>\n<p>[\/et_pb_text][et_pb_text _builder_version=&#8221;4.21.0&#8243; _module_preset=&#8221;default&#8221; global_colors_info=&#8221;{}&#8221;]<\/p>\n<div id=\"c68\" class=\"csc-default inner-mleft frame-type-textmedia\">\n<div class=\"ce-textpic ce-center ce-above\">\n<div class=\"ce-bodytext\">\n<div id=\"c74\" class=\"csc-default inner-mleft frame-type-textmedia\">\n<div class=\"ce-textpic ce-center ce-above\">\n<div class=\"ce-bodytext\">\n<div id=\"c218\" class=\"csc-default inner-mleft frame-type-textmedia\">\n<div class=\"ce-textpic ce-center ce-above\">\n<div class=\"ce-bodytext\">\n<p><strong>Margarete M\u00fcller-Bull-Stiftung<\/strong><br \/>Gerokstra\u00dfe 1<br \/>70188 Stuttgart<br \/>Telephone: 0711-164420<br \/>Fax: 0711-2361027<br \/>E-Mail: info@mmb-stiftung.de<\/p>\n<p><strong>Represented by<\/strong><br \/>c\/o Franz Longin<\/p>\n<p><strong>Picture rights<\/strong><br \/>\u00a9 Smileus \/ Fotolia<\/p>\n<p><strong>Information in line with the online dispute resolution regulation<\/strong><br \/>We are legally obliged to draw the consumer\u2019s attention to the existence of the European Online Dispute Resolution (ODR) platform, which can be used to resolve disputes without having to initiate court proceedings. The European Commission is responsible for the platform. Click the link for the European Online Dispute Resolution platform: <a href=\"http:\/\/ec.europa.eu\/odr\" target=\"_blank\" rel=\"noopener\">http:\/\/ec.europa.eu\/odr<\/a>.   Our email is: info@mmb-stiftung.de.<br \/>Please also note that we are not willing to take part in the online dispute resolution process on the European Online Dispute Resolution platform. Please use the above email and telephone number to contact us. <\/p>\n<p><strong>Information in line with the German Consumer\u2019s Alternative Dispute Resolution Act (VSBG)<\/strong><br \/>We are neither willing nor under obligation to take part in dispute resolution proceedings before a consumer arbitration board.<\/p>\n<p><strong>Disclaimer \u2013 legal notice<\/strong><br \/>\u00a7 1 Warning notice regarding content<br \/>The greatest possible care was taken in the creation of the free and publicly accessible content of this website. However, the provider declines any liability for the correctness and accuracy of the free and publicly accessible journalistic advice and news supplied. Named contributions reflect the opinion of the respective author and not always that of the provider. No contractual relationship shall be constituted by the call-up of free and publicly accessible content insofar as the provider has no intention of entering into a legally binding relationship.   <\/p>\n<p>\u00a7 2 External links<br \/>This website contains links to third-party websites. The respective operators bear responsibility for these websites. On setting links to external websites for the first time, the provider checked the content for any legal breaches. At that time, no legal breaches were identifiable. The provider has no influence whatsoever on the current and future design and content of linked websites. The setting of external links does not mean that the provider adopts the content of the reference or link as their own. The provider cannot be reasonably expected to constantly inspect third-party links without specific indications of legal breaches. However, on knowledge of legal breaches such external links will be deleted immediately.       <\/p>\n<p>\u00a7 3 Copyrights and related rights<br \/>The content published on this website is subject to German copyright and related laws. Any use thereof not permitted under German copyright or related laws shall be subject to the prior written content of the provider or respective right holder. This shall apply in particular to the reproduction, processing, translation, storage or representation of content in databases or other electronic media and systems. The content and rights of third parties are identified as such. Impermissible reproduction or transfer of individual content or entire pages is prohibited and punishable. The production of copies and downloads shall only be permitted for personal, private and non-commercial use.     <\/p>\n<p>The displaying of this website in third-party frames shall be subject to written permission.<\/p>\n<p>\u00a7 4 Special terms and conditions of use<br \/>Insofar as special terms and conditions for individual uses of this website derogate from the aforementioned sections, this shall be explicitly referred to at the appropriate juncture. In this case, the special terms and conditions of use shall apply in the respective situation. <\/p>\n<p>Source: <a href=\"http:\/\/http:\/\/\" title=\"from\" target=\"_blank\" class=\"Vorlage\" rel=\"noopener\">Impressum Vorlage von JuraForum.d<\/a><\/p>\n<\/div>\n<\/div>\n<\/div>\n<\/div>\n<\/div>\n<\/div>\n<\/div>\n<\/div>\n<\/div>\n<p>[\/et_pb_text][\/et_pb_column][\/et_pb_row][\/et_pb_section]<\/p>\n","protected":false},"excerpt":{"rendered":"<p>Imprint Margarete M\u00fcller-Bull-Stiftung Margarete M\u00fcller-Bull-StiftungGerokstra\u00dfe 170188 StuttgartTelephone: 0711-164420Fax: 0711-2361027E-Mail: info@mmb-stiftung.deRepresented byc\/o Franz LonginPicture rights\u00a9 Smileus \/ Fotolia Information in line with the online dispute resolution regulationWe are legally obliged to draw the consumer\u2019s attention to the existence of the European Online Dispute Resolution (ODR) platform, which can be used to resolve disputes without having to [&hellip;]<\/p>\n","protected":false},"author":1,"featured_media":0,"parent":0,"menu_order":0,"comment_status":"closed","ping_status":"closed","template":"","meta":{"_et_pb_use_builder":"on","_et_pb_old_content":"","_et_gb_content_width":"","inline_featured_image":false,"footnotes":""},"class_list":["post-1286","page","type-page","status-publish","hentry"],"yoast_head":"<!-- This site is optimized with the Yoast SEO plugin v27.2 - https:\/\/yoast.com\/product\/yoast-seo-wordpress\/ -->\n<title>Imprint - MMB Stiftung<\/title>\n<meta name=\"robots\" content=\"index, follow, max-snippet:-1, max-image-preview:large, max-video-preview:-1\" \/>\n<link rel=\"canonical\" href=\"https:\/\/mmb-stiftung.de\/en\/imprint\/\" \/>\n<meta property=\"og:locale\" content=\"en_US\" \/>\n<meta property=\"og:type\" content=\"article\" \/>\n<meta property=\"og:title\" content=\"Imprint - MMB Stiftung\" \/>\n<meta property=\"og:description\" content=\"Imprint Margarete M\u00fcller-Bull-Stiftung Margarete M\u00fcller-Bull-StiftungGerokstra\u00dfe 170188 StuttgartTelephone: 0711-164420Fax: 0711-2361027E-Mail: info@mmb-stiftung.deRepresented byc\/o Franz LonginPicture rights\u00a9 Smileus \/ Fotolia Information in line with the online dispute resolution regulationWe are legally obliged to draw the consumer\u2019s attention to the existence of the European Online Dispute Resolution (ODR) platform, which can be used to resolve disputes without having to [&hellip;]\" \/>\n<meta property=\"og:url\" content=\"https:\/\/mmb-stiftung.de\/en\/imprint\/\" \/>\n<meta property=\"og:site_name\" content=\"MMB Stiftung\" \/>\n<meta property=\"article:modified_time\" content=\"2023-07-06T08:24:12+00:00\" \/>\n<meta name=\"twitter:card\" content=\"summary_large_image\" \/>\n<meta name=\"twitter:label1\" content=\"Est. reading time\" \/>\n\t<meta name=\"twitter:data1\" content=\"5 minutes\" \/>\n<script type=\"application\/ld+json\" class=\"yoast-schema-graph\">{\"@context\":\"https:\/\/schema.org\",\"@graph\":[{\"@type\":\"WebPage\",\"@id\":\"https:\/\/mmb-stiftung.de\/en\/imprint\/\",\"url\":\"https:\/\/mmb-stiftung.de\/en\/imprint\/\",\"name\":\"Imprint - MMB Stiftung\",\"isPartOf\":{\"@id\":\"https:\/\/mmb-stiftung.de\/#website\"},\"datePublished\":\"2023-06-28T10:20:28+00:00\",\"dateModified\":\"2023-07-06T08:24:12+00:00\",\"breadcrumb\":{\"@id\":\"https:\/\/mmb-stiftung.de\/en\/imprint\/#breadcrumb\"},\"inLanguage\":\"en-US\",\"potentialAction\":[{\"@type\":\"ReadAction\",\"target\":[\"https:\/\/mmb-stiftung.de\/en\/imprint\/\"]}]},{\"@type\":\"BreadcrumbList\",\"@id\":\"https:\/\/mmb-stiftung.de\/en\/imprint\/#breadcrumb\",\"itemListElement\":[{\"@type\":\"ListItem\",\"position\":1,\"name\":\"Startseite\",\"item\":\"https:\/\/mmb-stiftung.de\/en\/\"},{\"@type\":\"ListItem\",\"position\":2,\"name\":\"Imprint\"}]},{\"@type\":\"WebSite\",\"@id\":\"https:\/\/mmb-stiftung.de\/#website\",\"url\":\"https:\/\/mmb-stiftung.de\/\",\"name\":\"MMB Stiftung\",\"description\":\"\",\"potentialAction\":[{\"@type\":\"SearchAction\",\"target\":{\"@type\":\"EntryPoint\",\"urlTemplate\":\"https:\/\/mmb-stiftung.de\/?s={search_term_string}\"},\"query-input\":{\"@type\":\"PropertyValueSpecification\",\"valueRequired\":true,\"valueName\":\"search_term_string\"}}],\"inLanguage\":\"en-US\"}]}<\/script>\n<!-- \/ Yoast SEO plugin. -->","yoast_head_json":{"title":"Imprint - MMB Stiftung","robots":{"index":"index","follow":"follow","max-snippet":"max-snippet:-1","max-image-preview":"max-image-preview:large","max-video-preview":"max-video-preview:-1"},"canonical":"https:\/\/mmb-stiftung.de\/en\/imprint\/","og_locale":"en_US","og_type":"article","og_title":"Imprint - MMB Stiftung","og_description":"Imprint Margarete M\u00fcller-Bull-Stiftung Margarete M\u00fcller-Bull-StiftungGerokstra\u00dfe 170188 StuttgartTelephone: 0711-164420Fax: 0711-2361027E-Mail: info@mmb-stiftung.deRepresented byc\/o Franz LonginPicture rights\u00a9 Smileus \/ Fotolia Information in line with the online dispute resolution regulationWe are legally obliged to draw the consumer\u2019s attention to the existence of the European Online Dispute Resolution (ODR) platform, which can be used to resolve disputes without having to [&hellip;]","og_url":"https:\/\/mmb-stiftung.de\/en\/imprint\/","og_site_name":"MMB Stiftung","article_modified_time":"2023-07-06T08:24:12+00:00","twitter_card":"summary_large_image","twitter_misc":{"Est. reading time":"5 minutes"},"schema":{"@context":"https:\/\/schema.org","@graph":[{"@type":"WebPage","@id":"https:\/\/mmb-stiftung.de\/en\/imprint\/","url":"https:\/\/mmb-stiftung.de\/en\/imprint\/","name":"Imprint - MMB Stiftung","isPartOf":{"@id":"https:\/\/mmb-stiftung.de\/#website"},"datePublished":"2023-06-28T10:20:28+00:00","dateModified":"2023-07-06T08:24:12+00:00","breadcrumb":{"@id":"https:\/\/mmb-stiftung.de\/en\/imprint\/#breadcrumb"},"inLanguage":"en-US","potentialAction":[{"@type":"ReadAction","target":["https:\/\/mmb-stiftung.de\/en\/imprint\/"]}]},{"@type":"BreadcrumbList","@id":"https:\/\/mmb-stiftung.de\/en\/imprint\/#breadcrumb","itemListElement":[{"@type":"ListItem","position":1,"name":"Startseite","item":"https:\/\/mmb-stiftung.de\/en\/"},{"@type":"ListItem","position":2,"name":"Imprint"}]},{"@type":"WebSite","@id":"https:\/\/mmb-stiftung.de\/#website","url":"https:\/\/mmb-stiftung.de\/","name":"MMB Stiftung","description":"","potentialAction":[{"@type":"SearchAction","target":{"@type":"EntryPoint","urlTemplate":"https:\/\/mmb-stiftung.de\/?s={search_term_string}"},"query-input":{"@type":"PropertyValueSpecification","valueRequired":true,"valueName":"search_term_string"}}],"inLanguage":"en-US"}]}},"_links":{"self":[{"href":"https:\/\/mmb-stiftung.de\/en\/wp-json\/wp\/v2\/pages\/1286","targetHints":{"allow":["GET"]}}],"collection":[{"href":"https:\/\/mmb-stiftung.de\/en\/wp-json\/wp\/v2\/pages"}],"about":[{"href":"https:\/\/mmb-stiftung.de\/en\/wp-json\/wp\/v2\/types\/page"}],"author":[{"embeddable":true,"href":"https:\/\/mmb-stiftung.de\/en\/wp-json\/wp\/v2\/users\/1"}],"replies":[{"embeddable":true,"href":"https:\/\/mmb-stiftung.de\/en\/wp-json\/wp\/v2\/comments?post=1286"}],"version-history":[{"count":2,"href":"https:\/\/mmb-stiftung.de\/en\/wp-json\/wp\/v2\/pages\/1286\/revisions"}],"predecessor-version":[{"id":1288,"href":"https:\/\/mmb-stiftung.de\/en\/wp-json\/wp\/v2\/pages\/1286\/revisions\/1288"}],"wp:attachment":[{"href":"https:\/\/mmb-stiftung.de\/en\/wp-json\/wp\/v2\/media?parent=1286"}],"curies":[{"name":"wp","href":"https:\/\/api.w.org\/{rel}","templated":true}]}}