{"id":1256,"date":"2023-06-26T09:11:13","date_gmt":"2023-06-26T07:11:13","guid":{"rendered":"http:\/\/mmb-stiftung.de\/margarete-mueller-bull\/"},"modified":"2023-07-05T15:05:19","modified_gmt":"2023-07-05T13:05:19","slug":"margarete-mueller-bull","status":"publish","type":"page","link":"https:\/\/mmb-stiftung.de\/en\/margarete-mueller-bull\/","title":{"rendered":"Margarete M\u00fcller Bull"},"content":{"rendered":"<p>[et_pb_section fb_built=&#8221;1&#8243; _builder_version=&#8221;4.21.0&#8243; _module_preset=&#8221;default&#8221; custom_margin=&#8221;||||false|false&#8221; custom_padding=&#8221;0px||0px||false|false&#8221; global_colors_info=&#8221;{}&#8221;][et_pb_row _builder_version=&#8221;4.21.0&#8243; _module_preset=&#8221;default&#8221; width=&#8221;100%&#8221; max_width=&#8221;100%&#8221; custom_padding=&#8221;0px||0px||false|false&#8221; global_colors_info=&#8221;{}&#8221;][et_pb_column type=&#8221;4_4&#8243; _builder_version=&#8221;4.21.0&#8243; _module_preset=&#8221;default&#8221; global_colors_info=&#8221;{}&#8221;][et_pb_image src=&#8221;http:\/\/mmb-stiftung.de\/wp-content\/uploads\/2023\/06\/banner_mmb.jpg&#8221; title_text=&#8221;banner_mmb&#8221; force_fullwidth=&#8221;on&#8221; _builder_version=&#8221;4.21.0&#8243; _module_preset=&#8221;default&#8221; global_colors_info=&#8221;{}&#8221;][\/et_pb_image][\/et_pb_column][\/et_pb_row][et_pb_row module_class=&#8221;header-logo&#8221; _builder_version=&#8221;4.21.0&#8243; _module_preset=&#8221;default&#8221; width_tablet=&#8221;95%&#8221; width_phone=&#8221;90%&#8221; width_last_edited=&#8221;on|phone&#8221; custom_margin_tablet=&#8221;&#8221; custom_margin_phone=&#8221;|20px||20px|false|false&#8221; custom_margin_last_edited=&#8221;on|phone&#8221; custom_padding=&#8221;0px||0px||false|false&#8221; global_colors_info=&#8221;{}&#8221;][et_pb_column type=&#8221;4_4&#8243; _builder_version=&#8221;4.21.0&#8243; _module_preset=&#8221;default&#8221; global_colors_info=&#8221;{}&#8221;][et_pb_image src=&#8221;http:\/\/mmb-stiftung.de\/wp-content\/uploads\/2023\/06\/logo.svg&#8221; title_text=&#8221;logo&#8221; url=&#8221;\/&#8221; _builder_version=&#8221;4.21.0&#8243; _module_preset=&#8221;default&#8221; width=&#8221;270px&#8221; width_tablet=&#8221;200px&#8221; width_phone=&#8221;150px&#8221; width_last_edited=&#8221;on|phone&#8221; global_colors_info=&#8221;{}&#8221;][\/et_pb_image][\/et_pb_column][\/et_pb_row][\/et_pb_section][et_pb_section fb_built=&#8221;1&#8243; _builder_version=&#8221;4.21.0&#8243; _module_preset=&#8221;default&#8221; custom_margin=&#8221;||||false|false&#8221; custom_padding=&#8221;50px||0px||false|false&#8221; global_colors_info=&#8221;{}&#8221;][et_pb_row custom_padding_last_edited=&#8221;on|phone&#8221; _builder_version=&#8221;4.21.0&#8243; _module_preset=&#8221;default&#8221; width_tablet=&#8221;100%&#8221; width_phone=&#8221;100%&#8221; width_last_edited=&#8221;on|tablet&#8221; max_width_tablet=&#8221;100%&#8221; max_width_phone=&#8221;100%&#8221; max_width_last_edited=&#8221;on|tablet&#8221; custom_padding=&#8221;50px||0px||false|false&#8221; custom_padding_tablet=&#8221;50px||||false|false&#8221; custom_padding_phone=&#8221;30px||||false|false&#8221; global_colors_info=&#8221;{}&#8221;][et_pb_column type=&#8221;4_4&#8243; _builder_version=&#8221;4.21.0&#8243; _module_preset=&#8221;default&#8221; global_colors_info=&#8221;{}&#8221;][et_pb_code _builder_version=&#8221;4.21.0&#8243; _module_preset=&#8221;default&#8221; global_colors_info=&#8221;{}&#8221;]<\/p>\n<hr>\n<p>[\/et_pb_code][\/et_pb_column][\/et_pb_row][\/et_pb_section][et_pb_section fb_built=&#8221;1&#8243; custom_padding_last_edited=&#8221;on|phone&#8221; _builder_version=&#8221;4.21.0&#8243; _module_preset=&#8221;default&#8221; width=&#8221;100%&#8221; width_tablet=&#8221;96%&#8221; width_phone=&#8221;92%&#8221; width_last_edited=&#8221;off|phone&#8221; max_width=&#8221;1170px&#8221; module_alignment=&#8221;center&#8221; custom_margin=&#8221;||||false|false&#8221; custom_margin_tablet=&#8221;|20px||20px|false|false&#8221; custom_margin_phone=&#8221;|20px||20px|false|false&#8221; custom_margin_last_edited=&#8221;on|tablet&#8221; custom_padding_tablet=&#8221;&#8221; custom_padding_phone=&#8221;0px||||false|false&#8221; global_colors_info=&#8221;{}&#8221;][et_pb_row custom_padding_last_edited=&#8221;on|desktop&#8221; _builder_version=&#8221;4.21.0&#8243; _module_preset=&#8221;default&#8221; width=&#8221;100%&#8221; width_tablet=&#8221;95%&#8221; width_phone=&#8221;90%&#8221; width_last_edited=&#8221;on|phone&#8221; module_alignment=&#8221;right&#8221; custom_margin_phone=&#8221;||||false|false&#8221; custom_margin_last_edited=&#8221;off|phone&#8221; custom_padding=&#8221;0px|||300px|false|false&#8221; custom_padding_tablet=&#8221;0px|||0px|false|false&#8221; custom_padding_phone=&#8221;|||0px|false|false&#8221; hover_enabled=&#8221;0&#8243; module_alignment_tablet=&#8221;center&#8221; module_alignment_phone=&#8221;center&#8221; module_alignment_last_edited=&#8221;on|tablet&#8221; global_colors_info=&#8221;{}&#8221; sticky_enabled=&#8221;0&#8243;][et_pb_column type=&#8221;4_4&#8243; _builder_version=&#8221;4.21.0&#8243; _module_preset=&#8221;default&#8221; global_colors_info=&#8221;{}&#8221;][et_pb_text _builder_version=&#8221;4.21.0&#8243; _module_preset=&#8221;default&#8221; custom_margin=&#8221;||0px||false|false&#8221; custom_padding=&#8221;||40px||false|false&#8221; custom_padding_tablet=&#8221;||40px||false|false&#8221; custom_padding_phone=&#8221;||20px||false|false&#8221; custom_padding_last_edited=&#8221;on|phone&#8221; global_colors_info=&#8221;{}&#8221;]<\/p>\n<h1>Margarete M\u00fcller-Bull.<\/h1>\n<h2>Berlin temperament with Swabian virtues.<\/h2>\n<p>[\/et_pb_text][et_pb_text _builder_version=&#8221;4.21.0&#8243; _module_preset=&#8221;default&#8221; global_colors_info=&#8221;{}&#8221;]<strong>At the start, Margarete M\u00fcller-Bull\u2019s CV resembles that of many from her generation:<\/strong> she was born in Brandenburg an der Havel as Margarete Bull, nicknamed Marga, on 1 February 1908. She grew up in a middle-class household; she went on to charm school and completed an apprenticeship as an industrial clerk (!) before the war struck with all its terror, taking her to Esslingen to work. Even her marriage to the head of the company to which she was assigned is not all that unusual.  <\/p>\n<p>But at this point, Marga breaks the mould and her life began to take a different course from the traditional \u20183 Cs\u2019 route &#8211; children, cooking, church. Her personality begins to show through: after the war, Karl M\u00fcller was detained by the occupying forces. And so it was left to Marga to run the business independently and on her own for many months until her husband returned. By this point, she had already been infected by the desire to do what she wanted; and as a result, she began to take a more active role in the company policy and to add her not-so-quiet voice to determining the company\u2019s strategic direction.[\/et_pb_text][\/et_pb_column][\/et_pb_row][et_pb_row column_structure=&#8221;1_2,1_2&#8243; use_custom_gutter=&#8221;on&#8221; gutter_width=&#8221;2&#8243; module_class=&#8221;image-image-module&#8221; _builder_version=&#8221;4.21.0&#8243; _module_preset=&#8221;default&#8221; width_tablet=&#8221;100%&#8221; width_phone=&#8221;90%&#8221; width_last_edited=&#8221;on|tablet&#8221; max_width=&#8221;870px&#8221; max_width_tablet=&#8221;96%&#8221; max_width_phone=&#8221;90%&#8221; max_width_last_edited=&#8221;on|tablet&#8221; module_alignment=&#8221;right&#8221; custom_margin=&#8221;||||false|false&#8221; custom_margin_tablet=&#8221;||||false|false&#8221; custom_margin_phone=&#8221;||||false|false&#8221; custom_margin_last_edited=&#8221;on|desktop&#8221; custom_padding=&#8221;0px||0px||false|false&#8221; module_alignment_tablet=&#8221;center&#8221; module_alignment_phone=&#8221;center&#8221; module_alignment_last_edited=&#8221;on|phone&#8221; global_colors_info=&#8221;{}&#8221;][et_pb_column type=&#8221;1_2&#8243; _builder_version=&#8221;4.21.0&#8243; _module_preset=&#8221;default&#8221; global_colors_info=&#8221;{}&#8221;][et_pb_image src=&#8221;http:\/\/mmb-stiftung.de\/wp-content\/uploads\/2023\/06\/50_50_1.jpg&#8221; title_text=&#8221;50_50_1&#8243; align_tablet=&#8221;&#8221; align_phone=&#8221;center&#8221; align_last_edited=&#8221;on|phone&#8221; _builder_version=&#8221;4.21.0&#8243; _module_preset=&#8221;default&#8221; global_colors_info=&#8221;{}&#8221;][\/et_pb_image][\/et_pb_column][et_pb_column type=&#8221;1_2&#8243; _builder_version=&#8221;4.21.0&#8243; _module_preset=&#8221;default&#8221; global_colors_info=&#8221;{}&#8221;][et_pb_image src=&#8221;http:\/\/mmb-stiftung.de\/wp-content\/uploads\/2023\/06\/50_50_2.jpg&#8221; title_text=&#8221;50_50_2&#8243; align_tablet=&#8221;&#8221; align_phone=&#8221;center&#8221; align_last_edited=&#8221;on|phone&#8221; _builder_version=&#8221;4.21.0&#8243; _module_preset=&#8221;default&#8221; global_colors_info=&#8221;{}&#8221;][\/et_pb_image][\/et_pb_column][\/et_pb_row][et_pb_row custom_padding_last_edited=&#8221;on|tablet&#8221; _builder_version=&#8221;4.21.0&#8243; _module_preset=&#8221;default&#8221; width=&#8221;100%&#8221; width_tablet=&#8221;95%&#8221; width_phone=&#8221;90%&#8221; width_last_edited=&#8221;on|phone&#8221; module_alignment=&#8221;right&#8221; custom_padding=&#8221;|||300px|false|false&#8221; custom_padding_tablet=&#8221;|||0px|false|false&#8221; custom_padding_phone=&#8221;|||0px|false|false&#8221; module_alignment_tablet=&#8221;center&#8221; module_alignment_phone=&#8221;center&#8221; module_alignment_last_edited=&#8221;on|tablet&#8221; global_colors_info=&#8221;{}&#8221;][et_pb_column type=&#8221;4_4&#8243; _builder_version=&#8221;4.21.0&#8243; _module_preset=&#8221;default&#8221; global_colors_info=&#8221;{}&#8221;][et_pb_text _builder_version=&#8221;4.21.0&#8243; _module_preset=&#8221;default&#8221; global_colors_info=&#8221;{}&#8221;]Karl M\u00fcller died in 1959. Marga was finally able to hold the reins and she refused to let them go until she noticed that her own energy was slowly ebbing away. But by that point, she had already achieved a great deal: she had transformed her husband\u2019s company into a business with some 300 employees, production plants at 3 sites and a global sales network.  <\/p>\n<p>You might well ask where Margarete M\u00fcller-Bull got her energy from: she spent her hectic days dealing with all the company\u2019s decisions but also enjoyed travelling (particularly cruises), was an enthusiastic hunter, dedicated her time to various associations, actively worked as an animal breeder for many years and stayed in touch with both Swabian fashionable society as well as her childhood friends from Berlin. She had no children; and perhaps that explains her endless drive for action. <\/p>\n<p>On 17 March 2002, Margarete M\u00fcller-Bull passed away at her home in Esslingen aged 94, after a long, fulfilled life.[\/et_pb_text][\/et_pb_column][\/et_pb_row][\/et_pb_section]<\/p>\n","protected":false},"excerpt":{"rendered":"<p>Margarete M\u00fcller-Bull. Berlin temperament with Swabian virtues.At the start, Margarete M\u00fcller-Bull\u2019s CV resembles that of many from her generation: she was born in Brandenburg an der Havel as Margarete Bull, nicknamed Marga, on 1 February 1908. She grew up in a middle-class household; she went on to charm school and completed an apprenticeship as an [&hellip;]<\/p>\n","protected":false},"author":1,"featured_media":0,"parent":0,"menu_order":0,"comment_status":"closed","ping_status":"closed","template":"","meta":{"_et_pb_use_builder":"on","_et_pb_old_content":"","_et_gb_content_width":"","inline_featured_image":false,"footnotes":""},"class_list":["post-1256","page","type-page","status-publish","hentry"],"yoast_head":"<!-- This site is optimized with the Yoast SEO plugin v27.2 - https:\/\/yoast.com\/product\/yoast-seo-wordpress\/ -->\n<title>Margarete M\u00fcller Bull - MMB Stiftung<\/title>\n<meta name=\"robots\" content=\"index, follow, max-snippet:-1, max-image-preview:large, max-video-preview:-1\" \/>\n<link rel=\"canonical\" href=\"https:\/\/mmb-stiftung.de\/en\/margarete-mueller-bull\/\" \/>\n<meta property=\"og:locale\" content=\"en_US\" \/>\n<meta property=\"og:type\" content=\"article\" \/>\n<meta property=\"og:title\" content=\"Margarete M\u00fcller Bull - MMB Stiftung\" \/>\n<meta property=\"og:description\" content=\"Margarete M\u00fcller-Bull. Berlin temperament with Swabian virtues.At the start, Margarete M\u00fcller-Bull\u2019s CV resembles that of many from her generation: she was born in Brandenburg an der Havel as Margarete Bull, nicknamed Marga, on 1 February 1908. She grew up in a middle-class household; she went on to charm school and completed an apprenticeship as an [&hellip;]\" \/>\n<meta property=\"og:url\" content=\"https:\/\/mmb-stiftung.de\/en\/margarete-mueller-bull\/\" \/>\n<meta property=\"og:site_name\" content=\"MMB Stiftung\" \/>\n<meta property=\"article:modified_time\" content=\"2023-07-05T13:05:19+00:00\" \/>\n<meta name=\"twitter:card\" content=\"summary_large_image\" \/>\n<meta name=\"twitter:label1\" content=\"Est. reading time\" \/>\n\t<meta name=\"twitter:data1\" content=\"6 minutes\" \/>\n<script type=\"application\/ld+json\" class=\"yoast-schema-graph\">{\"@context\":\"https:\/\/schema.org\",\"@graph\":[{\"@type\":\"WebPage\",\"@id\":\"https:\/\/mmb-stiftung.de\/en\/margarete-mueller-bull\/\",\"url\":\"https:\/\/mmb-stiftung.de\/en\/margarete-mueller-bull\/\",\"name\":\"Margarete M\u00fcller Bull - MMB Stiftung\",\"isPartOf\":{\"@id\":\"https:\/\/mmb-stiftung.de\/#website\"},\"datePublished\":\"2023-06-26T07:11:13+00:00\",\"dateModified\":\"2023-07-05T13:05:19+00:00\",\"breadcrumb\":{\"@id\":\"https:\/\/mmb-stiftung.de\/en\/margarete-mueller-bull\/#breadcrumb\"},\"inLanguage\":\"en-US\",\"potentialAction\":[{\"@type\":\"ReadAction\",\"target\":[\"https:\/\/mmb-stiftung.de\/en\/margarete-mueller-bull\/\"]}]},{\"@type\":\"BreadcrumbList\",\"@id\":\"https:\/\/mmb-stiftung.de\/en\/margarete-mueller-bull\/#breadcrumb\",\"itemListElement\":[{\"@type\":\"ListItem\",\"position\":1,\"name\":\"Startseite\",\"item\":\"https:\/\/mmb-stiftung.de\/en\/\"},{\"@type\":\"ListItem\",\"position\":2,\"name\":\"Margarete M\u00fcller Bull\"}]},{\"@type\":\"WebSite\",\"@id\":\"https:\/\/mmb-stiftung.de\/#website\",\"url\":\"https:\/\/mmb-stiftung.de\/\",\"name\":\"MMB Stiftung\",\"description\":\"\",\"potentialAction\":[{\"@type\":\"SearchAction\",\"target\":{\"@type\":\"EntryPoint\",\"urlTemplate\":\"https:\/\/mmb-stiftung.de\/?s={search_term_string}\"},\"query-input\":{\"@type\":\"PropertyValueSpecification\",\"valueRequired\":true,\"valueName\":\"search_term_string\"}}],\"inLanguage\":\"en-US\"}]}<\/script>\n<!-- \/ Yoast SEO plugin. -->","yoast_head_json":{"title":"Margarete M\u00fcller Bull - MMB Stiftung","robots":{"index":"index","follow":"follow","max-snippet":"max-snippet:-1","max-image-preview":"max-image-preview:large","max-video-preview":"max-video-preview:-1"},"canonical":"https:\/\/mmb-stiftung.de\/en\/margarete-mueller-bull\/","og_locale":"en_US","og_type":"article","og_title":"Margarete M\u00fcller Bull - MMB Stiftung","og_description":"Margarete M\u00fcller-Bull. Berlin temperament with Swabian virtues.At the start, Margarete M\u00fcller-Bull\u2019s CV resembles that of many from her generation: she was born in Brandenburg an der Havel as Margarete Bull, nicknamed Marga, on 1 February 1908. She grew up in a middle-class household; she went on to charm school and completed an apprenticeship as an [&hellip;]","og_url":"https:\/\/mmb-stiftung.de\/en\/margarete-mueller-bull\/","og_site_name":"MMB Stiftung","article_modified_time":"2023-07-05T13:05:19+00:00","twitter_card":"summary_large_image","twitter_misc":{"Est. reading time":"6 minutes"},"schema":{"@context":"https:\/\/schema.org","@graph":[{"@type":"WebPage","@id":"https:\/\/mmb-stiftung.de\/en\/margarete-mueller-bull\/","url":"https:\/\/mmb-stiftung.de\/en\/margarete-mueller-bull\/","name":"Margarete M\u00fcller Bull - MMB Stiftung","isPartOf":{"@id":"https:\/\/mmb-stiftung.de\/#website"},"datePublished":"2023-06-26T07:11:13+00:00","dateModified":"2023-07-05T13:05:19+00:00","breadcrumb":{"@id":"https:\/\/mmb-stiftung.de\/en\/margarete-mueller-bull\/#breadcrumb"},"inLanguage":"en-US","potentialAction":[{"@type":"ReadAction","target":["https:\/\/mmb-stiftung.de\/en\/margarete-mueller-bull\/"]}]},{"@type":"BreadcrumbList","@id":"https:\/\/mmb-stiftung.de\/en\/margarete-mueller-bull\/#breadcrumb","itemListElement":[{"@type":"ListItem","position":1,"name":"Startseite","item":"https:\/\/mmb-stiftung.de\/en\/"},{"@type":"ListItem","position":2,"name":"Margarete M\u00fcller Bull"}]},{"@type":"WebSite","@id":"https:\/\/mmb-stiftung.de\/#website","url":"https:\/\/mmb-stiftung.de\/","name":"MMB Stiftung","description":"","potentialAction":[{"@type":"SearchAction","target":{"@type":"EntryPoint","urlTemplate":"https:\/\/mmb-stiftung.de\/?s={search_term_string}"},"query-input":{"@type":"PropertyValueSpecification","valueRequired":true,"valueName":"search_term_string"}}],"inLanguage":"en-US"}]}},"_links":{"self":[{"href":"https:\/\/mmb-stiftung.de\/en\/wp-json\/wp\/v2\/pages\/1256","targetHints":{"allow":["GET"]}}],"collection":[{"href":"https:\/\/mmb-stiftung.de\/en\/wp-json\/wp\/v2\/pages"}],"about":[{"href":"https:\/\/mmb-stiftung.de\/en\/wp-json\/wp\/v2\/types\/page"}],"author":[{"embeddable":true,"href":"https:\/\/mmb-stiftung.de\/en\/wp-json\/wp\/v2\/users\/1"}],"replies":[{"embeddable":true,"href":"https:\/\/mmb-stiftung.de\/en\/wp-json\/wp\/v2\/comments?post=1256"}],"version-history":[{"count":2,"href":"https:\/\/mmb-stiftung.de\/en\/wp-json\/wp\/v2\/pages\/1256\/revisions"}],"predecessor-version":[{"id":1258,"href":"https:\/\/mmb-stiftung.de\/en\/wp-json\/wp\/v2\/pages\/1256\/revisions\/1258"}],"wp:attachment":[{"href":"https:\/\/mmb-stiftung.de\/en\/wp-json\/wp\/v2\/media?parent=1256"}],"curies":[{"name":"wp","href":"https:\/\/api.w.org\/{rel}","templated":true}]}}